{"id":102,"date":"2015-06-28T10:14:02","date_gmt":"2015-06-28T10:14:02","guid":{"rendered":"https:\/\/www.artagonist.lt\/?page_id=102"},"modified":"2025-03-13T13:17:47","modified_gmt":"2025-03-13T13:17:47","slug":"kontaktai","status":"publish","type":"page","link":"https:\/\/www.artagonist.lt\/ru\/contacts-ru\/","title":{"rendered":"\u041a\u043e\u043d\u0442\u0430\u043a\u0442\u044b"},"content":{"rendered":"","protected":false},"excerpt":{"rendered":"","protected":false},"author":5,"featured_media":0,"parent":0,"menu_order":0,"comment_status":"closed","ping_status":"closed","template":"kontaktai.php","meta":[],"yoast_head":"<!-- This site is optimized with the Yoast SEO plugin v16.2 - https:\/\/yoast.com\/wordpress\/plugins\/seo\/ -->\n<meta name=\"description\" content=\"{:lt}Patir\u010di\u0173 vie\u0161butis \u201eArtagonist\u201c \u012fsik\u016br\u0119s adresu Pilies g. 34. Skambinkite mums +37052430000 arba susisiekite el. pa\u0161tu hotel@artagonist.lt.{:}\" \/>\n<meta name=\"robots\" content=\"index, follow, max-snippet:-1, max-image-preview:large, max-video-preview:-1\" \/>\n<link rel=\"canonical\" href=\"https:\/\/www.artagonist.lt\/kontaktai\/\" \/>\n<meta property=\"og:locale\" content=\"ru_RU\" \/>\n<meta property=\"og:type\" content=\"article\" \/>\n<meta property=\"og:title\" content=\"Vie\u0161butis Artagonist \u2013 jus pasitinka Vilniaus senamiestyje.\" \/>\n<meta property=\"og:description\" content=\"Vilniaus senamiestis to lauk\u0117 jau seniai. Vie\u0161butis Artagonist kuria progas hedonisti\u0161kiems aiktel\u0117jimams. I\u0161dr\u012fskite \u017ei\u016br\u0117ti ir klausti.\" \/>\n<meta property=\"og:url\" content=\"https:\/\/www.artagonist.lt\/kontaktai\/\" \/>\n<meta property=\"og:site_name\" content=\"Artagonist\" \/>\n<meta property=\"article:modified_time\" content=\"2025-03-13T13:17:47+00:00\" \/>\n<meta property=\"og:image\" content=\"https:\/\/www.artagonist.lt\/wp-content\/uploads\/2016\/11\/1324.jpg\" \/>\n\t<meta property=\"og:image:width\" content=\"2100\" \/>\n\t<meta property=\"og:image:height\" content=\"1402\" \/>\n<meta name=\"twitter:card\" content=\"summary\" \/>\n<script type=\"application\/ld+json\" class=\"yoast-schema-graph\">{\"@context\":\"https:\/\/schema.org\",\"@graph\":[{\"@type\":\"WebSite\",\"@id\":\"https:\/\/www.artagonist.lt\/#website\",\"url\":\"https:\/\/www.artagonist.lt\/\",\"name\":\"Artagonist\",\"description\":\"\",\"potentialAction\":[{\"@type\":\"SearchAction\",\"target\":\"https:\/\/www.artagonist.lt\/?s={search_term_string}\",\"query-input\":\"required name=search_term_string\"}],\"inLanguage\":\"ru-RU\"},{\"@type\":\"ImageObject\",\"@id\":\"https:\/\/www.artagonist.lt\/kontaktai\/#primaryimage\",\"inLanguage\":\"ru-RU\",\"url\":\"https:\/\/www.artagonist.lt\/wp-content\/uploads\/2016\/11\/1324.jpg\",\"contentUrl\":\"https:\/\/www.artagonist.lt\/wp-content\/uploads\/2016\/11\/1324.jpg\",\"width\":2100,\"height\":1402},{\"@type\":\"WebPage\",\"@id\":\"https:\/\/www.artagonist.lt\/kontaktai\/#webpage\",\"url\":\"https:\/\/www.artagonist.lt\/kontaktai\/\",\"name\":\"[:lt]Patir\\u010di\\u0173 vie\\u0161butis Artagonist laukia J\\u016bs\\u0173 Vilniaus senamiestyje, Pilies g. 34[:]\",\"isPartOf\":{\"@id\":\"https:\/\/www.artagonist.lt\/#website\"},\"primaryImageOfPage\":{\"@id\":\"https:\/\/www.artagonist.lt\/kontaktai\/#primaryimage\"},\"datePublished\":\"2015-06-28T10:14:02+00:00\",\"dateModified\":\"2025-03-13T13:17:47+00:00\",\"description\":\"{:lt}Patir\\u010di\\u0173 vie\\u0161butis \\u201eArtagonist\\u201c \\u012fsik\\u016br\\u0119s adresu Pilies g. 34. Skambinkite mums +37052430000 arba susisiekite el. pa\\u0161tu hotel@artagonist.lt.{:}\",\"breadcrumb\":{\"@id\":\"https:\/\/www.artagonist.lt\/kontaktai\/#breadcrumb\"},\"inLanguage\":\"ru-RU\",\"potentialAction\":[{\"@type\":\"ReadAction\",\"target\":[\"https:\/\/www.artagonist.lt\/kontaktai\/\"]}]},{\"@type\":\"BreadcrumbList\",\"@id\":\"https:\/\/www.artagonist.lt\/kontaktai\/#breadcrumb\",\"itemListElement\":[{\"@type\":\"ListItem\",\"position\":1,\"item\":{\"@type\":\"WebPage\",\"@id\":\"https:\/\/www.artagonist.lt\/\",\"url\":\"https:\/\/www.artagonist.lt\/\",\"name\":\"Home\"}},{\"@type\":\"ListItem\",\"position\":2,\"item\":{\"@id\":\"https:\/\/www.artagonist.lt\/kontaktai\/#webpage\"}}]}]}<\/script>\n<!-- \/ Yoast SEO plugin. -->","_links":{"self":[{"href":"https:\/\/www.artagonist.lt\/ru\/wp-json\/wp\/v2\/pages\/102"}],"collection":[{"href":"https:\/\/www.artagonist.lt\/ru\/wp-json\/wp\/v2\/pages"}],"about":[{"href":"https:\/\/www.artagonist.lt\/ru\/wp-json\/wp\/v2\/types\/page"}],"author":[{"embeddable":true,"href":"https:\/\/www.artagonist.lt\/ru\/wp-json\/wp\/v2\/users\/5"}],"replies":[{"embeddable":true,"href":"https:\/\/www.artagonist.lt\/ru\/wp-json\/wp\/v2\/comments?post=102"}],"version-history":[{"count":59,"href":"https:\/\/www.artagonist.lt\/ru\/wp-json\/wp\/v2\/pages\/102\/revisions"}],"predecessor-version":[{"id":1242,"href":"https:\/\/www.artagonist.lt\/ru\/wp-json\/wp\/v2\/pages\/102\/revisions\/1242"}],"wp:attachment":[{"href":"https:\/\/www.artagonist.lt\/ru\/wp-json\/wp\/v2\/media?parent=102"}],"curies":[{"name":"wp","href":"https:\/\/api.w.org\/{rel}","templated":true}]}}