{"id":54,"date":"2015-06-28T08:05:47","date_gmt":"2015-06-28T08:05:47","guid":{"rendered":"https:\/\/www.artagonist.lt\/?page_id=54"},"modified":"2016-12-08T09:30:52","modified_gmt":"2016-12-08T09:30:52","slug":"kambariai","status":"publish","type":"page","link":"https:\/\/www.artagonist.lt\/en\/rooms\/","title":{"rendered":"Rooms"},"content":{"rendered":"","protected":false},"excerpt":{"rendered":"","protected":false},"author":5,"featured_media":0,"parent":0,"menu_order":0,"comment_status":"open","ping_status":"open","template":"rooms.php","meta":[],"yoast_head":"<!-- This site is optimized with the Yoast SEO plugin v16.2 - https:\/\/yoast.com\/wordpress\/plugins\/seo\/ -->\n<meta name=\"description\" content=\"Patir\u010di\u0173 vie\u0161butis \u201eArtagonist\u201c \u2013 modernumas sutik\u0119s klasik\u0105 ir dr\u0105sios meno id\u0117jos. Atraskite lietuvi\u0173 meninink\u0173 dekoruotas erdves Vilniaus senamiestyje.\" \/>\n<meta name=\"robots\" content=\"index, follow, max-snippet:-1, max-image-preview:large, max-video-preview:-1\" \/>\n<link rel=\"canonical\" href=\"https:\/\/www.artagonist.lt\/kambariai\/\" \/>\n<meta property=\"og:locale\" content=\"en_US\" \/>\n<meta property=\"og:type\" content=\"article\" \/>\n<meta property=\"og:title\" content=\"Naujasis keturi\u0173 \u017evaig\u017edu\u010di\u0173 patir\u010di\u0173 vie\u0161butis \u201eArtagonist\u201c \u2013 ry\u0161kus, modernus, kiek ekscentri\u0161kas ir komforti\u0161kas. Puikiai tinkantis hedonisti\u0161kiems aiktel\u0117jimams. Sveiki atvyk\u0119.\" \/>\n<meta property=\"og:description\" content=\"Modernumas sutik\u0119s klasik\u0105 ir prie dueto prisijungusios dr\u0105sios meno id\u0117jos \u2013 tai m\u016bs\u0173 interjero formul\u0117. Nuo lietuvi\u0173 meninink\u0173 dekoruot\u0173 erdvi\u0173 iki Chemex kavinuk\u0173 ir stiklini\u0173 vonios kambari\u0173. Pasirinkite savo patirt\u012f.\" \/>\n<meta property=\"og:url\" content=\"https:\/\/www.artagonist.lt\/kambariai\/\" \/>\n<meta property=\"og:site_name\" content=\"Artagonist\" \/>\n<meta property=\"article:modified_time\" content=\"2016-12-08T09:30:52+00:00\" \/>\n<meta property=\"og:image\" content=\"https:\/\/www.artagonist.lt\/wp-content\/uploads\/2016\/11\/1324.jpg\" \/>\n\t<meta property=\"og:image:width\" content=\"2100\" \/>\n\t<meta property=\"og:image:height\" content=\"1402\" \/>\n<meta name=\"twitter:card\" content=\"summary\" \/>\n<script type=\"application\/ld+json\" class=\"yoast-schema-graph\">{\"@context\":\"https:\/\/schema.org\",\"@graph\":[{\"@type\":\"WebSite\",\"@id\":\"https:\/\/www.artagonist.lt\/#website\",\"url\":\"https:\/\/www.artagonist.lt\/\",\"name\":\"Artagonist\",\"description\":\"\",\"potentialAction\":[{\"@type\":\"SearchAction\",\"target\":\"https:\/\/www.artagonist.lt\/?s={search_term_string}\",\"query-input\":\"required name=search_term_string\"}],\"inLanguage\":\"en-US\"},{\"@type\":\"ImageObject\",\"@id\":\"https:\/\/www.artagonist.lt\/kambariai\/#primaryimage\",\"inLanguage\":\"en-US\",\"url\":\"https:\/\/www.artagonist.lt\/wp-content\/uploads\/2016\/11\/1324.jpg\",\"contentUrl\":\"https:\/\/www.artagonist.lt\/wp-content\/uploads\/2016\/11\/1324.jpg\",\"width\":2100,\"height\":1402},{\"@type\":\"WebPage\",\"@id\":\"https:\/\/www.artagonist.lt\/kambariai\/#webpage\",\"url\":\"https:\/\/www.artagonist.lt\/kambariai\/\",\"name\":\"Naujasis keturi\\u0173 \\u017evaig\\u017edu\\u010di\\u0173 patir\\u010di\\u0173 vie\\u0161butis \\u201eArtagonist\\u201c \\u2013 ry\\u0161kus, modernus, kiek ekscentri\\u0161kas ir komforti\\u0161kas. Puikiai tinkantis hedonisti\\u0161kiems aiktel\\u0117jimams.\",\"isPartOf\":{\"@id\":\"https:\/\/www.artagonist.lt\/#website\"},\"primaryImageOfPage\":{\"@id\":\"https:\/\/www.artagonist.lt\/kambariai\/#primaryimage\"},\"datePublished\":\"2015-06-28T08:05:47+00:00\",\"dateModified\":\"2016-12-08T09:30:52+00:00\",\"description\":\"Patir\\u010di\\u0173 vie\\u0161butis \\u201eArtagonist\\u201c \\u2013 modernumas sutik\\u0119s klasik\\u0105 ir dr\\u0105sios meno id\\u0117jos. Atraskite lietuvi\\u0173 meninink\\u0173 dekoruotas erdves Vilniaus senamiestyje.\",\"breadcrumb\":{\"@id\":\"https:\/\/www.artagonist.lt\/kambariai\/#breadcrumb\"},\"inLanguage\":\"en-US\",\"potentialAction\":[{\"@type\":\"ReadAction\",\"target\":[\"https:\/\/www.artagonist.lt\/kambariai\/\"]}]},{\"@type\":\"BreadcrumbList\",\"@id\":\"https:\/\/www.artagonist.lt\/kambariai\/#breadcrumb\",\"itemListElement\":[{\"@type\":\"ListItem\",\"position\":1,\"item\":{\"@type\":\"WebPage\",\"@id\":\"https:\/\/www.artagonist.lt\/\",\"url\":\"https:\/\/www.artagonist.lt\/\",\"name\":\"Home\"}},{\"@type\":\"ListItem\",\"position\":2,\"item\":{\"@id\":\"https:\/\/www.artagonist.lt\/kambariai\/#webpage\"}}]}]}<\/script>\n<!-- \/ Yoast SEO plugin. -->","_links":{"self":[{"href":"https:\/\/www.artagonist.lt\/en\/wp-json\/wp\/v2\/pages\/54"}],"collection":[{"href":"https:\/\/www.artagonist.lt\/en\/wp-json\/wp\/v2\/pages"}],"about":[{"href":"https:\/\/www.artagonist.lt\/en\/wp-json\/wp\/v2\/types\/page"}],"author":[{"embeddable":true,"href":"https:\/\/www.artagonist.lt\/en\/wp-json\/wp\/v2\/users\/5"}],"replies":[{"embeddable":true,"href":"https:\/\/www.artagonist.lt\/en\/wp-json\/wp\/v2\/comments?post=54"}],"version-history":[{"count":2,"href":"https:\/\/www.artagonist.lt\/en\/wp-json\/wp\/v2\/pages\/54\/revisions"}],"predecessor-version":[{"id":114,"href":"https:\/\/www.artagonist.lt\/en\/wp-json\/wp\/v2\/pages\/54\/revisions\/114"}],"wp:attachment":[{"href":"https:\/\/www.artagonist.lt\/en\/wp-json\/wp\/v2\/media?parent=54"}],"curies":[{"name":"wp","href":"https:\/\/api.w.org\/{rel}","templated":true}]}}